{"id":3382,"date":"2024-08-17T08:49:37","date_gmt":"2024-08-17T13:49:37","guid":{"rendered":"https:\/\/test.sanumbe.com\/?page_id=3382"},"modified":"2024-08-17T09:16:32","modified_gmt":"2024-08-17T14:16:32","slug":"renovarte-3","status":"publish","type":"page","link":"https:\/\/test.sanumbe.com\/en\/renovarte-3\/","title":{"rendered":"RenovARTE"},"content":{"rendered":"<p>[et_pb_section fb_built=&#8221;1&#8243; inner_shadow=&#8221;off&#8221; _builder_version=&#8221;4.27.0&#8243; _module_preset=&#8221;default&#8221; background_image=&#8221;https:\/\/test.sanumbe.com\/wp-content\/uploads\/2024\/08\/image.jpg&#8221; parallax=&#8221;on&#8221; min_height=&#8221;162px&#8221; custom_padding=&#8221;||3px|||&#8221; hover_enabled=&#8221;0&#8243; da_disable_devices=&#8221;off|off|off&#8221; locked=&#8221;off&#8221; global_colors_info=&#8221;{}&#8221; theme_builder_area=&#8221;post_content&#8221; custom_margin=&#8221;||40px|||&#8221; title_text=&#8221;image&#8221; sticky_enabled=&#8221;0&#8243; da_is_popup=&#8221;off&#8221; da_exit_intent=&#8221;off&#8221; da_has_close=&#8221;on&#8221; da_alt_close=&#8221;off&#8221; da_dark_close=&#8221;off&#8221; da_not_modal=&#8221;on&#8221; da_is_singular=&#8221;off&#8221; da_with_loader=&#8221;off&#8221; da_has_shadow=&#8221;on&#8221;][et_pb_row _builder_version=&#8221;4.27.0&#8243; _module_preset=&#8221;default&#8221; global_colors_info=&#8221;{}&#8221; theme_builder_area=&#8221;post_content&#8221;][et_pb_column type=&#8221;4_4&#8243; _builder_version=&#8221;4.27.0&#8243; _module_preset=&#8221;default&#8221; global_colors_info=&#8221;{}&#8221; theme_builder_area=&#8221;post_content&#8221;][et_pb_text _builder_version=&#8221;4.27.0&#8243; _module_preset=&#8221;default&#8221; text_font=&#8221;League Spartan|700|||||||&#8221; text_text_color=&#8221;#cc1db8&#8243; text_font_size=&#8221;18px&#8221; header_font=&#8221;League Spartan||||||||&#8221; header_text_align=&#8221;center&#8221; header_font_size=&#8221;52px&#8221; custom_margin=&#8221;||0px|||&#8221; custom_padding=&#8221;53px|||||&#8221; hover_enabled=&#8221;0&#8243; locked=&#8221;off&#8221; global_colors_info=&#8221;{}&#8221; theme_builder_area=&#8221;post_content&#8221; sticky_enabled=&#8221;0&#8243;]<\/p>\n<h1 class=\"font_0 wixui-rich-text__text\" style=\"text-align: center;\"><span style=\"color: #cc1db8;\"><strong><span class=\"color_41 wixui-rich-text__text\"><span class=\"wixui-rich-text__text\">RenovArte<\/span><\/span><\/strong><\/span><\/h1>\n<p>[\/et_pb_text][\/et_pb_column][\/et_pb_row][\/et_pb_section][et_pb_section fb_built=&#8221;1&#8243; theme_builder_area=&#8221;post_content&#8221; _builder_version=&#8221;4.27.0&#8243; _module_preset=&#8221;default&#8221; inner_shadow=&#8221;off&#8221; hover_enabled=&#8221;0&#8243; sticky_enabled=&#8221;0&#8243; background_enable_image=&#8221;off&#8221; use_background_color_gradient=&#8221;off&#8221; background_color=&#8221;#e8e6e6&#8243; max_width=&#8221;40%&#8221; border_radii=&#8221;on|40px|40px|40px|40px&#8221; locked=&#8221;off&#8221; da_is_popup=&#8221;off&#8221; da_exit_intent=&#8221;off&#8221; da_has_close=&#8221;on&#8221; da_alt_close=&#8221;off&#8221; da_dark_close=&#8221;off&#8221; da_not_modal=&#8221;on&#8221; da_is_singular=&#8221;off&#8221; da_with_loader=&#8221;off&#8221; da_has_shadow=&#8221;on&#8221; da_disable_devices=&#8221;off|off|off&#8221;][et_pb_row _builder_version=&#8221;4.27.0&#8243; _module_preset=&#8221;default&#8221; theme_builder_area=&#8221;post_content&#8221;][et_pb_column _builder_version=&#8221;4.27.0&#8243; _module_preset=&#8221;default&#8221; type=&#8221;4_4&#8243; theme_builder_area=&#8221;post_content&#8221;][et_pb_text _builder_version=&#8221;4.27.0&#8243; _module_preset=&#8221;default&#8221; text_font=&#8221;League Spartan|700|||||||&#8221; text_text_color=&#8221;#cc1db8&#8243; text_font_size=&#8221;30px&#8221; text_orientation=&#8221;center&#8221; custom_margin=&#8221;50px||30px||false|false&#8221; hover_enabled=&#8221;0&#8243; global_colors_info=&#8221;{}&#8221; theme_builder_area=&#8221;post_content&#8221; sticky_enabled=&#8221;0&#8243;]<\/p>\n<p><span>SanumBe RenovArte<\/span><\/p>\n<p>[\/et_pb_text][\/et_pb_column][\/et_pb_row][et_pb_row _builder_version=&#8221;4.27.0&#8243; _module_preset=&#8221;default&#8221; theme_builder_area=&#8221;post_content&#8221; column_structure=&#8221;1_2,1_2&#8243; custom_padding=&#8221;||23px|0px||&#8221; hover_enabled=&#8221;0&#8243; sticky_enabled=&#8221;0&#8243;][et_pb_column _builder_version=&#8221;4.27.0&#8243; _module_preset=&#8221;default&#8221; type=&#8221;1_2&#8243; theme_builder_area=&#8221;post_content&#8221;][et_pb_image src=&#8221;https:\/\/test.sanumbe.com\/wp-content\/uploads\/2024\/08\/RenovARTE-1.png&#8221; _builder_version=&#8221;4.27.0&#8243; _module_preset=&#8221;default&#8221; theme_builder_area=&#8221;post_content&#8221; title_text=&#8221;RenovARTE&#8221; hover_enabled=&#8221;0&#8243; sticky_enabled=&#8221;0&#8243; border_radii=&#8221;on|20px|20px|20px|20px&#8221;][\/et_pb_image][\/et_pb_column][et_pb_column _builder_version=&#8221;4.27.0&#8243; _module_preset=&#8221;default&#8221; type=&#8221;1_2&#8243; theme_builder_area=&#8221;post_content&#8221;][et_pb_text _builder_version=&#8221;4.27.0&#8243; _module_preset=&#8221;default&#8221; theme_builder_area=&#8221;post_content&#8221; text_font=&#8221;League Spartan|300|||||||&#8221; text_font_size=&#8221;20px&#8221; text_line_height=&#8221;2em&#8221; hover_enabled=&#8221;0&#8243; sticky_enabled=&#8221;0&#8243; custom_margin=&#8221;50px|||||&#8221; custom_padding=&#8221;|||37px||&#8221;]<\/p>\n<ul>\n<li><span class=\"wixui-rich-text__text\">Programa que favorece la resocializaci\u00f3n de la poblaci\u00f3n privada de libertad (PPL).<br \/><\/span><\/li>\n<li><span class=\"wixui-rich-text__text\">100% virtual.<\/span><\/li>\n<li><span class=\"wixui-rich-text__text\">Pron\u00f3stico de recuperaci\u00f3n de los estados emocionales y la enfermedad mental.<\/span><\/li>\n<li><span class=\"wixui-rich-text__text\">Incremento de la inteligencia emocional.<\/span><\/li>\n<li><span class=\"wixui-rich-text__text\">Integraci\u00f3n en la formaci\u00f3n de proyectos productivos para el trabajo desde el sentido de vida.<\/span><\/li>\n<\/ul>\n<p>[\/et_pb_text][\/et_pb_column][\/et_pb_row][et_pb_row _builder_version=&#8221;4.27.0&#8243; _module_preset=&#8221;default&#8221; theme_builder_area=&#8221;post_content&#8221;][et_pb_column _builder_version=&#8221;4.27.0&#8243; _module_preset=&#8221;default&#8221; type=&#8221;4_4&#8243; theme_builder_area=&#8221;post_content&#8221;][et_pb_button button_url=&#8221;https:\/\/wa.me\/+573152047012&#8243; url_new_window=&#8221;on&#8221; button_text=&#8221;Cont\u00e1ctarme con un asesor&#8221; button_alignment=&#8221;center&#8221; _builder_version=&#8221;4.27.0&#8243; _module_preset=&#8221;default&#8221; button_text_size=&#8221;20px&#8221; button_bg_color=&#8221;#cc1db8&#8243; button_border_width=&#8221;0px&#8221; button_border_radius=&#8221;100px&#8221; button_font=&#8221;League Spartan|700|||||||&#8221; button_use_icon=&#8221;off&#8221; custom_margin=&#8221;||28px||false|false&#8221; animation_style=&#8221;slide&#8221; global_colors_info=&#8221;{}&#8221; theme_builder_area=&#8221;post_content&#8221; locked=&#8221;off&#8221; custom_padding=&#8221;3px|||||&#8221;][\/et_pb_button][\/et_pb_column][\/et_pb_row][\/et_pb_section][et_pb_section fb_built=&#8221;1&#8243; inner_shadow=&#8221;off&#8221; _builder_version=&#8221;4.27.0&#8243; _module_preset=&#8221;default&#8221; background_color=&#8221;#f0f0f0&#8243; min_height=&#8221;28px&#8221; custom_margin=&#8221;44px||-4px||false|false&#8221; custom_padding=&#8221;0px|||||&#8221; da_disable_devices=&#8221;off|off|off&#8221; locked=&#8221;off&#8221; global_colors_info=&#8221;{}&#8221; theme_builder_area=&#8221;post_content&#8221; da_is_popup=&#8221;off&#8221; da_exit_intent=&#8221;off&#8221; da_has_close=&#8221;on&#8221; da_alt_close=&#8221;off&#8221; da_dark_close=&#8221;off&#8221; da_not_modal=&#8221;on&#8221; da_is_singular=&#8221;off&#8221; da_with_loader=&#8221;off&#8221; da_has_shadow=&#8221;on&#8221;][et_pb_row column_structure=&#8221;1_3,1_3,1_3&#8243; _builder_version=&#8221;4.27.0&#8243; _module_preset=&#8221;default&#8221; custom_margin=&#8221;6px|auto||auto|false|false&#8221; global_colors_info=&#8221;{}&#8221; theme_builder_area=&#8221;post_content&#8221;][et_pb_column type=&#8221;1_3&#8243; _builder_version=&#8221;4.27.0&#8243; _module_preset=&#8221;default&#8221; global_colors_info=&#8221;{}&#8221; theme_builder_area=&#8221;post_content&#8221;][et_pb_button button_url=&#8221;https:\/\/test.sanumbe.com\/heroes-con-corazon-2\/&#8221; button_text=&#8221;Anterior Servicio&#8221; button_alignment=&#8221;left&#8221; _builder_version=&#8221;4.27.0&#8243; _module_preset=&#8221;default&#8221; button_text_color=&#8221;#0a0a0a&#8221; button_bg_color=&#8221;#f0f0f0&#8243; button_border_width=&#8221;0px&#8221; button_font=&#8221;League Spartan|100|||||||&#8221; button_icon=&#8221;&#x23;||divi||400&#8243; button_icon_color=&#8221;#0a0a0a&#8221; button_icon_placement=&#8221;left&#8221; hover_enabled=&#8221;0&#8243; global_colors_info=&#8221;{}&#8221; theme_builder_area=&#8221;post_content&#8221; sticky_enabled=&#8221;0&#8243;][\/et_pb_button][\/et_pb_column][et_pb_column type=&#8221;1_3&#8243; _builder_version=&#8221;4.27.0&#8243; _module_preset=&#8221;default&#8221; global_colors_info=&#8221;{}&#8221; theme_builder_area=&#8221;post_content&#8221;][et_pb_button button_url=&#8221;https:\/\/test.sanumbe.com\/servicios\/&#8221; button_text=&#8221;Servicios&#8221; button_alignment=&#8221;center&#8221; _builder_version=&#8221;4.27.0&#8243; _module_preset=&#8221;default&#8221; button_text_color=&#8221;#0a0a0a&#8221; button_bg_color=&#8221;#f0f0f0&#8243; button_border_width=&#8221;0px&#8221; button_font=&#8221;League Spartan|100|||||||&#8221; button_icon=&#8221;&#xf7ae;||fa||900&#8243; button_icon_color=&#8221;#0a0a0a&#8221; global_colors_info=&#8221;{}&#8221; theme_builder_area=&#8221;post_content&#8221;][\/et_pb_button][\/et_pb_column][et_pb_column type=&#8221;1_3&#8243; _builder_version=&#8221;4.27.0&#8243; _module_preset=&#8221;default&#8221; global_colors_info=&#8221;{}&#8221; theme_builder_area=&#8221;post_content&#8221;][et_pb_button button_url=&#8221;https:\/\/test.sanumbe.com\/bienestar-y-finanzas-2\/&#8221; button_text=&#8221;Siguiente Servicio&#8221; button_alignment=&#8221;right&#8221; _builder_version=&#8221;4.27.0&#8243; _module_preset=&#8221;default&#8221; button_text_color=&#8221;#0a0a0a&#8221; button_bg_color=&#8221;#f0f0f0&#8243; button_border_width=&#8221;0px&#8221; button_font=&#8221;League Spartan|100|||||||&#8221; button_icon=&#8221;&#x24;||divi||400&#8243; button_icon_color=&#8221;#0a0a0a&#8221; hover_enabled=&#8221;0&#8243; global_colors_info=&#8221;{}&#8221; theme_builder_area=&#8221;post_content&#8221; sticky_enabled=&#8221;0&#8243;][\/et_pb_button][\/et_pb_column][\/et_pb_row][\/et_pb_section]<\/p>","protected":false},"excerpt":{"rendered":"<p>RenovArteSanumBe RenovArte Programa que favorece la resocializaci\u00f3n de la poblaci\u00f3n privada de libertad (PPL). 100% virtual. Pron\u00f3stico de recuperaci\u00f3n de los estados emocionales y la enfermedad mental. Incremento de la inteligencia emocional. Integraci\u00f3n en la formaci\u00f3n de proyectos productivos para el trabajo desde el sentido de vida.<\/p>","protected":false},"author":1,"featured_media":0,"parent":0,"menu_order":0,"comment_status":"closed","ping_status":"closed","template":"","meta":{"_et_pb_use_builder":"on","_et_pb_old_content":"","_et_gb_content_width":"","footnotes":""},"class_list":["post-3382","page","type-page","status-publish","hentry"],"_links":{"self":[{"href":"https:\/\/test.sanumbe.com\/en\/wp-json\/wp\/v2\/pages\/3382","targetHints":{"allow":["GET"]}}],"collection":[{"href":"https:\/\/test.sanumbe.com\/en\/wp-json\/wp\/v2\/pages"}],"about":[{"href":"https:\/\/test.sanumbe.com\/en\/wp-json\/wp\/v2\/types\/page"}],"author":[{"embeddable":true,"href":"https:\/\/test.sanumbe.com\/en\/wp-json\/wp\/v2\/users\/1"}],"replies":[{"embeddable":true,"href":"https:\/\/test.sanumbe.com\/en\/wp-json\/wp\/v2\/comments?post=3382"}],"version-history":[{"count":5,"href":"https:\/\/test.sanumbe.com\/en\/wp-json\/wp\/v2\/pages\/3382\/revisions"}],"predecessor-version":[{"id":3403,"href":"https:\/\/test.sanumbe.com\/en\/wp-json\/wp\/v2\/pages\/3382\/revisions\/3403"}],"wp:attachment":[{"href":"https:\/\/test.sanumbe.com\/en\/wp-json\/wp\/v2\/media?parent=3382"}],"curies":[{"name":"wp","href":"https:\/\/api.w.org\/{rel}","templated":true}]}}